{"id":739,"date":"2022-09-26T14:30:07","date_gmt":"2022-09-26T14:30:07","guid":{"rendered":"https:\/\/ledecanteur.com\/?page_id=739"},"modified":"2026-01-10T15:34:52","modified_gmt":"2026-01-10T15:34:52","slug":"reservation","status":"publish","type":"page","link":"https:\/\/ledecanteur.com\/en\/reservation\/","title":{"rendered":"Booking"},"content":{"rendered":"<div data-elementor-type=\"wp-page\" data-elementor-id=\"739\" class=\"elementor elementor-739\">\n\t\t\t\t\t\t<section class=\"elementor-section elementor-top-section elementor-element elementor-element-bfcf174 elementor-section-stretched elementor-section-boxed elementor-section-height-default elementor-section-height-default\" data-id=\"bfcf174\" data-element_type=\"section\" data-e-type=\"section\" data-settings=\"{&quot;background_background&quot;:&quot;classic&quot;,&quot;stretch_section&quot;:&quot;section-stretched&quot;}\">\n\t\t\t\t\t\t\t<div class=\"elementor-background-overlay\"><\/div>\n\t\t\t\t\t\t\t<div class=\"elementor-container elementor-column-gap-default\">\n\t\t\t\t\t<div class=\"elementor-column elementor-col-100 elementor-top-column elementor-element elementor-element-6ed6bc1\" data-id=\"6ed6bc1\" data-element_type=\"column\" data-e-type=\"column\">\n\t\t\t<div class=\"elementor-widget-wrap\">\n\t\t\t\t\t\t\t<\/div>\n\t\t<\/div>\n\t\t\t\t\t<\/div>\n\t\t<\/section>\n\t\t\t\t<section class=\"elementor-section elementor-top-section elementor-element elementor-element-642bab2 elementor-section-boxed elementor-section-height-default elementor-section-height-default\" data-id=\"642bab2\" data-element_type=\"section\" data-e-type=\"section\">\n\t\t\t\t\t\t<div class=\"elementor-container elementor-column-gap-default\">\n\t\t\t\t\t<div class=\"elementor-column elementor-col-100 elementor-top-column elementor-element elementor-element-ceb981b\" data-id=\"ceb981b\" data-element_type=\"column\" data-e-type=\"column\">\n\t\t\t<div class=\"elementor-widget-wrap elementor-element-populated\">\n\t\t\t\t\t\t<div class=\"elementor-element elementor-element-710babb elementor-invisible elementor-widget elementor-widget-heading\" data-id=\"710babb\" data-element_type=\"widget\" data-e-type=\"widget\" data-settings=\"{&quot;_animation&quot;:&quot;fadeIn&quot;}\" data-widget_type=\"heading.default\">\n\t\t\t\t<div class=\"elementor-widget-container\">\n\t\t\t\t\t<h1 class=\"elementor-heading-title elementor-size-default\">RESERVATION<\/h1>\t\t\t\t<\/div>\n\t\t\t\t<\/div>\n\t\t\t\t\t<\/div>\n\t\t<\/div>\n\t\t\t\t\t<\/div>\n\t\t<\/section>\n\t\t\t\t<section class=\"elementor-section elementor-top-section elementor-element elementor-element-0600a3b elementor-hidden-desktop elementor-hidden-tablet elementor-hidden-mobile elementor-section-boxed elementor-section-height-default elementor-section-height-default\" data-id=\"0600a3b\" data-element_type=\"section\" data-e-type=\"section\">\n\t\t\t\t\t\t<div class=\"elementor-container elementor-column-gap-default\">\n\t\t\t\t\t<div class=\"elementor-column elementor-col-100 elementor-top-column elementor-element elementor-element-f3298f9\" data-id=\"f3298f9\" data-element_type=\"column\" data-e-type=\"column\">\n\t\t\t<div class=\"elementor-widget-wrap elementor-element-populated\">\n\t\t\t\t\t\t<div class=\"elementor-element elementor-element-81da827 elementor-widget-divider--view-line elementor-widget elementor-widget-divider\" data-id=\"81da827\" data-element_type=\"widget\" data-e-type=\"widget\" data-widget_type=\"divider.default\">\n\t\t\t\t<div class=\"elementor-widget-container\">\n\t\t\t\t\t\t\t<div class=\"elementor-divider\">\n\t\t\t<span class=\"elementor-divider-separator\">\n\t\t\t\t\t\t<\/span>\n\t\t<\/div>\n\t\t\t\t\t\t<\/div>\n\t\t\t\t<\/div>\n\t\t\t\t<div class=\"elementor-element elementor-element-5cf2c13 elementor-widget elementor-widget-text-editor\" data-id=\"5cf2c13\" data-element_type=\"widget\" data-e-type=\"widget\" data-widget_type=\"text-editor.default\">\n\t\t\t\t<div class=\"elementor-widget-container\">\n\t\t\t\t\t\t\t\t\t<div class=\"wpforms-field-container\"><div id=\"wpforms-873-field_2-container\" class=\"wpforms-field wpforms-field-textarea\" data-field-id=\"2\"><div class=\"wpforms-field-description\">Notre \u00e9tablissement <b>sera ferm\u00e9<\/b> du <b>21 D\u00e9cembre<\/b> au<b> 12 Janvier<\/b><\/div><\/div><\/div>\t\t\t\t\t\t\t\t<\/div>\n\t\t\t\t<\/div>\n\t\t\t\t\t<\/div>\n\t\t<\/div>\n\t\t\t\t\t<\/div>\n\t\t<\/section>\n\t\t\t\t<section class=\"elementor-section elementor-top-section elementor-element elementor-element-e0dcea2 elementor-section-boxed elementor-section-height-default elementor-section-height-default\" data-id=\"e0dcea2\" data-element_type=\"section\" data-e-type=\"section\">\n\t\t\t\t\t\t<div class=\"elementor-container elementor-column-gap-default\">\n\t\t\t\t\t<div class=\"elementor-column elementor-col-100 elementor-top-column elementor-element elementor-element-110724a\" data-id=\"110724a\" data-element_type=\"column\" data-e-type=\"column\">\n\t\t\t<div class=\"elementor-widget-wrap elementor-element-populated\">\n\t\t\t\t\t\t<div class=\"elementor-element elementor-element-a04d7aa elementor-widget-divider--view-line elementor-widget elementor-widget-divider\" data-id=\"a04d7aa\" data-element_type=\"widget\" data-e-type=\"widget\" data-widget_type=\"divider.default\">\n\t\t\t\t<div class=\"elementor-widget-container\">\n\t\t\t\t\t\t\t<div class=\"elementor-divider\">\n\t\t\t<span class=\"elementor-divider-separator\">\n\t\t\t\t\t\t<\/span>\n\t\t<\/div>\n\t\t\t\t\t\t<\/div>\n\t\t\t\t<\/div>\n\t\t\t\t<div class=\"elementor-element elementor-element-eb9350b elementor-widget elementor-widget-text-editor\" data-id=\"eb9350b\" data-element_type=\"widget\" data-e-type=\"widget\" data-widget_type=\"text-editor.default\">\n\t\t\t\t<div class=\"elementor-widget-container\">\n\t\t\t\t\t\t\t\t\t<div class=\"wpforms-field-container\"><div id=\"wpforms-873-field_2-container\" class=\"wpforms-field wpforms-field-textarea\" data-field-id=\"2\"><div class=\"wpforms-field-description\">The reservation will only be guaranteed when you have our confirmation as soon as possible.<\/div><\/div><\/div>\t\t\t\t\t\t\t\t<\/div>\n\t\t\t\t<\/div>\n\t\t\t\t\t<\/div>\n\t\t<\/div>\n\t\t\t\t\t<\/div>\n\t\t<\/section>\n\t\t\t\t<section class=\"elementor-section elementor-top-section elementor-element elementor-element-12bd69d elementor-section-boxed elementor-section-height-default elementor-section-height-default\" data-id=\"12bd69d\" data-element_type=\"section\" data-e-type=\"section\">\n\t\t\t\t\t\t<div class=\"elementor-container elementor-column-gap-default\">\n\t\t\t\t\t<div class=\"elementor-column elementor-col-33 elementor-top-column elementor-element elementor-element-cbaaecf\" data-id=\"cbaaecf\" data-element_type=\"column\" data-e-type=\"column\">\n\t\t\t<div class=\"elementor-widget-wrap\">\n\t\t\t\t\t\t\t<\/div>\n\t\t<\/div>\n\t\t\t\t<div class=\"elementor-column elementor-col-33 elementor-top-column elementor-element elementor-element-1679c28\" data-id=\"1679c28\" data-element_type=\"column\" data-e-type=\"column\">\n\t\t\t<div class=\"elementor-widget-wrap elementor-element-populated\">\n\t\t\t\t\t\t<div class=\"elementor-element elementor-element-f51546f elementor-widget elementor-widget-html\" data-id=\"f51546f\" data-element_type=\"widget\" data-e-type=\"widget\" data-widget_type=\"html.default\">\n\t\t\t\t<div class=\"elementor-widget-container\">\n\t\t\t\t\t<!-- resOS Booking widget v3 script START -->\r\n<a class=\"resos-booking-widget\" href=\"https:\/\/ledecanteur.resos.com\/booking\" data-lang=\"fr\" data-restaurant-id=\"sEepwEh6yqud2A7xa\" data-domain=\"ledecanteur.resos.com\">Prenota un tavolo<\/a><div id=\"resos-booking-script-3\" style=\"text-align:center;opacity:0.6;font-size:70%;margin-top:10px;\"><a target=\"_blank\" rel=\"noopener\" href=\"https:\/\/resos.com\/feature\/visual-restaurant-table-plan\/?utm_source=restaurantsite&utm_medium=bookingwidget&utm_term=Table-booking-system\">Table booking system by resOS<\/a><\/div><script type=\"text\/javascript\">(function() {const scr=document.createElement(\"script\");scr.src=\"https:\/\/ledecanteur.resos.com\/embed\/booking\/widget.js?ts=\"+new Date().getTime();document.getElementById(\"resos-booking-script-3\").appendChild(scr);})()<\/script>\r\n<!-- resOS Booking widget v3 script END -->\t\t\t\t<\/div>\n\t\t\t\t<\/div>\n\t\t\t\t\t<\/div>\n\t\t<\/div>\n\t\t\t\t<div class=\"elementor-column elementor-col-33 elementor-top-column elementor-element elementor-element-fc92a71\" data-id=\"fc92a71\" data-element_type=\"column\" data-e-type=\"column\">\n\t\t\t<div class=\"elementor-widget-wrap\">\n\t\t\t\t\t\t\t<\/div>\n\t\t<\/div>\n\t\t\t\t\t<\/div>\n\t\t<\/section>\n\t\t\t\t<section class=\"elementor-section elementor-top-section elementor-element elementor-element-76828c2 elementor-section-boxed elementor-section-height-default elementor-section-height-default\" data-id=\"76828c2\" data-element_type=\"section\" data-e-type=\"section\">\n\t\t\t\t\t\t<div class=\"elementor-container elementor-column-gap-default\">\n\t\t\t\t\t<div class=\"elementor-column elementor-col-100 elementor-top-column elementor-element elementor-element-611f68a\" data-id=\"611f68a\" data-element_type=\"column\" data-e-type=\"column\">\n\t\t\t<div class=\"elementor-widget-wrap elementor-element-populated\">\n\t\t\t\t\t\t<div class=\"elementor-element elementor-element-1068e29 elementor-widget elementor-widget-text-editor\" data-id=\"1068e29\" data-element_type=\"widget\" data-e-type=\"widget\" data-widget_type=\"text-editor.default\">\n\t\t\t\t<div class=\"elementor-widget-container\">\n\t\t\t\t\t\t\t\t\t<p>Any booking with a delay of <span style=\"text-decoration: underline;\"><strong>15 minutes<\/strong><\/span> not notified, we are free to sell the table.<\/p>\t\t\t\t\t\t\t\t<\/div>\n\t\t\t\t<\/div>\n\t\t\t\t\t<\/div>\n\t\t<\/div>\n\t\t\t\t\t<\/div>\n\t\t<\/section>\n\t\t\t\t<\/div>","protected":false},"excerpt":{"rendered":"<p>R\u00c9SERVATION Notre \u00e9tablissement sera ferm\u00e9 du 21 D\u00e9cembre au 12 Janvier La r\u00e9servation ne sera garantie que lorsque vous aurez notre confirmation dans les plus brefs d\u00e9lais. Prenota un tavoloTable booking system by resOS Toute r\u00e9servation avec un retard de 15 minutes non notifi\u00e9, nous nous tenons libres de vendre la table.<\/p>","protected":false},"author":1,"featured_media":0,"parent":0,"menu_order":0,"comment_status":"closed","ping_status":"open","template":"","meta":{"ocean_post_layout":"","ocean_both_sidebars_style":"","ocean_both_sidebars_content_width":0,"ocean_both_sidebars_sidebars_width":0,"ocean_sidebar":"0","ocean_second_sidebar":"0","ocean_disable_margins":"enable","ocean_add_body_class":"","ocean_shortcode_before_top_bar":"","ocean_shortcode_after_top_bar":"","ocean_shortcode_before_header":"","ocean_shortcode_after_header":"","ocean_has_shortcode":"","ocean_shortcode_after_title":"","ocean_shortcode_before_footer_widgets":"","ocean_shortcode_after_footer_widgets":"","ocean_shortcode_before_footer_bottom":"","ocean_shortcode_after_footer_bottom":"","ocean_display_top_bar":"default","ocean_display_header":"default","ocean_header_style":"","ocean_center_header_left_menu":"0","ocean_custom_header_template":"0","ocean_custom_logo":0,"ocean_custom_retina_logo":0,"ocean_custom_logo_max_width":0,"ocean_custom_logo_tablet_max_width":0,"ocean_custom_logo_mobile_max_width":0,"ocean_custom_logo_max_height":0,"ocean_custom_logo_tablet_max_height":0,"ocean_custom_logo_mobile_max_height":0,"ocean_header_custom_menu":"0","ocean_menu_typo_font_family":"0","ocean_menu_typo_font_subset":"","ocean_menu_typo_font_size":0,"ocean_menu_typo_font_size_tablet":0,"ocean_menu_typo_font_size_mobile":0,"ocean_menu_typo_font_size_unit":"px","ocean_menu_typo_font_weight":"","ocean_menu_typo_font_weight_tablet":"","ocean_menu_typo_font_weight_mobile":"","ocean_menu_typo_transform":"","ocean_menu_typo_transform_tablet":"","ocean_menu_typo_transform_mobile":"","ocean_menu_typo_line_height":0,"ocean_menu_typo_line_height_tablet":0,"ocean_menu_typo_line_height_mobile":0,"ocean_menu_typo_line_height_unit":"","ocean_menu_typo_spacing":0,"ocean_menu_typo_spacing_tablet":0,"ocean_menu_typo_spacing_mobile":0,"ocean_menu_typo_spacing_unit":"","ocean_menu_link_color":"","ocean_menu_link_color_hover":"","ocean_menu_link_color_active":"","ocean_menu_link_background":"","ocean_menu_link_hover_background":"","ocean_menu_link_active_background":"","ocean_menu_social_links_bg":"","ocean_menu_social_hover_links_bg":"","ocean_menu_social_links_color":"","ocean_menu_social_hover_links_color":"","ocean_disable_title":"on","ocean_disable_heading":"default","ocean_post_title":"","ocean_post_subheading":"","ocean_post_title_style":"","ocean_post_title_background_color":"","ocean_post_title_background":0,"ocean_post_title_bg_image_position":"","ocean_post_title_bg_image_attachment":"","ocean_post_title_bg_image_repeat":"","ocean_post_title_bg_image_size":"","ocean_post_title_height":0,"ocean_post_title_bg_overlay":0.5,"ocean_post_title_bg_overlay_color":"","ocean_disable_breadcrumbs":"off","ocean_breadcrumbs_color":"","ocean_breadcrumbs_separator_color":"","ocean_breadcrumbs_links_color":"","ocean_breadcrumbs_links_hover_color":"","ocean_display_footer_widgets":"default","ocean_display_footer_bottom":"default","ocean_custom_footer_template":"0","footnotes":""},"class_list":["post-739","page","type-page","status-publish","hentry","entry"],"yoast_head":"<!-- This site is optimized with the Yoast SEO plugin v27.2 - https:\/\/yoast.com\/product\/yoast-seo-wordpress\/ -->\n<title>R\u00e8servation - Le D\u00e9canteur<\/title>\n<meta name=\"robots\" content=\"index, follow, max-snippet:-1, max-image-preview:large, max-video-preview:-1\" \/>\n<link rel=\"canonical\" href=\"https:\/\/ledecanteur.com\/en\/reservation\/\" \/>\n<meta property=\"og:locale\" content=\"en_GB\" \/>\n<meta property=\"og:type\" content=\"article\" \/>\n<meta property=\"og:title\" content=\"R\u00e8servation - Le D\u00e9canteur\" \/>\n<meta property=\"og:description\" content=\"R\u00c9SERVATION Notre \u00e9tablissement sera ferm\u00e9 du 21 D\u00e9cembre au 12 Janvier La r\u00e9servation ne sera garantie que lorsque vous aurez notre confirmation dans les plus brefs d\u00e9lais. Prenota un tavoloTable booking system by resOS Toute r\u00e9servation avec un retard de 15 minutes non notifi\u00e9, nous nous tenons libres de vendre la table.\" \/>\n<meta property=\"og:url\" content=\"https:\/\/ledecanteur.com\/en\/reservation\/\" \/>\n<meta property=\"og:site_name\" content=\"Le D\u00e9canteur\" \/>\n<meta property=\"article:modified_time\" content=\"2026-01-10T15:34:52+00:00\" \/>\n<meta name=\"twitter:card\" content=\"summary_large_image\" \/>\n<meta name=\"twitter:label1\" content=\"Estimated reading time\" \/>\n\t<meta name=\"twitter:data1\" content=\"1 minute\" \/>\n<script type=\"application\/ld+json\" class=\"yoast-schema-graph\">{\"@context\":\"https:\/\/schema.org\",\"@graph\":[{\"@type\":\"WebPage\",\"@id\":\"https:\/\/ledecanteur.com\/reservation\/\",\"url\":\"https:\/\/ledecanteur.com\/reservation\/\",\"name\":\"R\u00e8servation - Le D\u00e9canteur\",\"isPartOf\":{\"@id\":\"https:\/\/ledecanteur.com\/#website\"},\"datePublished\":\"2022-09-26T14:30:07+00:00\",\"dateModified\":\"2026-01-10T15:34:52+00:00\",\"breadcrumb\":{\"@id\":\"https:\/\/ledecanteur.com\/reservation\/#breadcrumb\"},\"inLanguage\":\"en-GB\",\"potentialAction\":[{\"@type\":\"ReadAction\",\"target\":[\"https:\/\/ledecanteur.com\/reservation\/\"]}]},{\"@type\":\"BreadcrumbList\",\"@id\":\"https:\/\/ledecanteur.com\/reservation\/#breadcrumb\",\"itemListElement\":[{\"@type\":\"ListItem\",\"position\":1,\"name\":\"Home\",\"item\":\"https:\/\/ledecanteur.com\/\"},{\"@type\":\"ListItem\",\"position\":2,\"name\":\"R\u00e8servation\"}]},{\"@type\":\"WebSite\",\"@id\":\"https:\/\/ledecanteur.com\/#website\",\"url\":\"https:\/\/ledecanteur.com\/\",\"name\":\"Le D\u00e9canteur\",\"description\":\"Vins et Cuisine\",\"publisher\":{\"@id\":\"https:\/\/ledecanteur.com\/#organization\"},\"potentialAction\":[{\"@type\":\"SearchAction\",\"target\":{\"@type\":\"EntryPoint\",\"urlTemplate\":\"https:\/\/ledecanteur.com\/?s={search_term_string}\"},\"query-input\":{\"@type\":\"PropertyValueSpecification\",\"valueRequired\":true,\"valueName\":\"search_term_string\"}}],\"inLanguage\":\"en-GB\"},{\"@type\":\"Organization\",\"@id\":\"https:\/\/ledecanteur.com\/#organization\",\"name\":\"Le D\u00e9canteur\",\"url\":\"https:\/\/ledecanteur.com\/\",\"logo\":{\"@type\":\"ImageObject\",\"inLanguage\":\"en-GB\",\"@id\":\"https:\/\/ledecanteur.com\/#\/schema\/logo\/image\/\",\"url\":\"https:\/\/ledecanteur.com\/wp-content\/uploads\/2022\/08\/cropped-Logo_official.png\",\"contentUrl\":\"https:\/\/ledecanteur.com\/wp-content\/uploads\/2022\/08\/cropped-Logo_official.png\",\"width\":3000,\"height\":600,\"caption\":\"Le D\u00e9canteur\"},\"image\":{\"@id\":\"https:\/\/ledecanteur.com\/#\/schema\/logo\/image\/\"}}]}<\/script>\n<!-- \/ Yoast SEO plugin. -->","yoast_head_json":{"title":"R\u00e8servation - Le D\u00e9canteur","robots":{"index":"index","follow":"follow","max-snippet":"max-snippet:-1","max-image-preview":"max-image-preview:large","max-video-preview":"max-video-preview:-1"},"canonical":"https:\/\/ledecanteur.com\/en\/reservation\/","og_locale":"en_GB","og_type":"article","og_title":"R\u00e8servation - Le D\u00e9canteur","og_description":"R\u00c9SERVATION Notre \u00e9tablissement sera ferm\u00e9 du 21 D\u00e9cembre au 12 Janvier La r\u00e9servation ne sera garantie que lorsque vous aurez notre confirmation dans les plus brefs d\u00e9lais. Prenota un tavoloTable booking system by resOS Toute r\u00e9servation avec un retard de 15 minutes non notifi\u00e9, nous nous tenons libres de vendre la table.","og_url":"https:\/\/ledecanteur.com\/en\/reservation\/","og_site_name":"Le D\u00e9canteur","article_modified_time":"2026-01-10T15:34:52+00:00","twitter_card":"summary_large_image","twitter_misc":{"Estimated reading time":"1 minute"},"schema":{"@context":"https:\/\/schema.org","@graph":[{"@type":"WebPage","@id":"https:\/\/ledecanteur.com\/reservation\/","url":"https:\/\/ledecanteur.com\/reservation\/","name":"R\u00e8servation - Le D\u00e9canteur","isPartOf":{"@id":"https:\/\/ledecanteur.com\/#website"},"datePublished":"2022-09-26T14:30:07+00:00","dateModified":"2026-01-10T15:34:52+00:00","breadcrumb":{"@id":"https:\/\/ledecanteur.com\/reservation\/#breadcrumb"},"inLanguage":"en-GB","potentialAction":[{"@type":"ReadAction","target":["https:\/\/ledecanteur.com\/reservation\/"]}]},{"@type":"BreadcrumbList","@id":"https:\/\/ledecanteur.com\/reservation\/#breadcrumb","itemListElement":[{"@type":"ListItem","position":1,"name":"Home","item":"https:\/\/ledecanteur.com\/"},{"@type":"ListItem","position":2,"name":"R\u00e8servation"}]},{"@type":"WebSite","@id":"https:\/\/ledecanteur.com\/#website","url":"https:\/\/ledecanteur.com\/","name":"Le D\u00e9canteur","description":"Vins et Cuisine","publisher":{"@id":"https:\/\/ledecanteur.com\/#organization"},"potentialAction":[{"@type":"SearchAction","target":{"@type":"EntryPoint","urlTemplate":"https:\/\/ledecanteur.com\/?s={search_term_string}"},"query-input":{"@type":"PropertyValueSpecification","valueRequired":true,"valueName":"search_term_string"}}],"inLanguage":"en-GB"},{"@type":"Organization","@id":"https:\/\/ledecanteur.com\/#organization","name":"Le D\u00e9canteur","url":"https:\/\/ledecanteur.com\/","logo":{"@type":"ImageObject","inLanguage":"en-GB","@id":"https:\/\/ledecanteur.com\/#\/schema\/logo\/image\/","url":"https:\/\/ledecanteur.com\/wp-content\/uploads\/2022\/08\/cropped-Logo_official.png","contentUrl":"https:\/\/ledecanteur.com\/wp-content\/uploads\/2022\/08\/cropped-Logo_official.png","width":3000,"height":600,"caption":"Le D\u00e9canteur"},"image":{"@id":"https:\/\/ledecanteur.com\/#\/schema\/logo\/image\/"}}]}},"_links":{"self":[{"href":"https:\/\/ledecanteur.com\/en\/wp-json\/wp\/v2\/pages\/739","targetHints":{"allow":["GET"]}}],"collection":[{"href":"https:\/\/ledecanteur.com\/en\/wp-json\/wp\/v2\/pages"}],"about":[{"href":"https:\/\/ledecanteur.com\/en\/wp-json\/wp\/v2\/types\/page"}],"author":[{"embeddable":true,"href":"https:\/\/ledecanteur.com\/en\/wp-json\/wp\/v2\/users\/1"}],"replies":[{"embeddable":true,"href":"https:\/\/ledecanteur.com\/en\/wp-json\/wp\/v2\/comments?post=739"}],"version-history":[{"count":109,"href":"https:\/\/ledecanteur.com\/en\/wp-json\/wp\/v2\/pages\/739\/revisions"}],"predecessor-version":[{"id":2395,"href":"https:\/\/ledecanteur.com\/en\/wp-json\/wp\/v2\/pages\/739\/revisions\/2395"}],"wp:attachment":[{"href":"https:\/\/ledecanteur.com\/en\/wp-json\/wp\/v2\/media?parent=739"}],"curies":[{"name":"wp","href":"https:\/\/api.w.org\/{rel}","templated":true}]}}